{"id":100,"date":"2019-04-11T17:45:38","date_gmt":"2019-04-11T15:45:38","guid":{"rendered":"http:\/\/www.asku-scholten.de\/?page_id=100"},"modified":"2019-04-23T09:09:49","modified_gmt":"2019-04-23T07:09:49","slug":"impressum","status":"publish","type":"page","link":"https:\/\/www.asku-scholten.de\/en\/impressum\/","title":{"rendered":"Impressum"},"content":{"rendered":"<p style=\"text-align: left;\">ASKU-Scholten GmbH<\/p>\n<p style=\"text-align: left;\">Am Buchenberg 2<\/p>\n<p style=\"text-align: left;\">47198 Duisburg<\/p>\n<p style=\"text-align: left;\">Telefon: +49 2066 9964-0<\/p>\n<p style=\"text-align: left;\">Fax: +49 2066370666<\/p>\n<p style=\"text-align: left;\">Email: info@asku-scholten.de<\/p>\n<p style=\"text-align: left;\">Internet: <a href=\"https:\/\/www.asku-scholten.de\/\">www.asku-scholten.de<\/a><\/p>\n<p style=\"text-align: left;\">Vertretungsberechtigte Gesch\u00e4ftsf\u00fchrer: Olaf Kleinjan, Bj\u00f6rn Asmus<\/p>\n<p style=\"text-align: left;\">Registernummer: 8 HR B 3591<\/p>\n<p style=\"text-align: left;\">Registergericht: AG Duisburg<\/p>\n<p style=\"text-align: left;\">Ust-IdNr. DE121321638<\/p>\n<p style=\"text-align: left;\">Umsatzsteuergesetz: DE 63527364839<\/p>\n","protected":false},"excerpt":{"rendered":"<p>ASKU-Scholten GmbH Am Buchenberg 2 47198 Duisburg Telefon: +49 2066 9964-0 Fax: +49 2066370666 Email: info@asku-scholten.de Internet: www.asku-scholten.de Vertretungsberechtigte Gesch\u00e4ftsf\u00fchrer: Olaf Kleinjan, Bj\u00f6rn Asmus Registernummer: 8 HR B 3591 Registergericht: AG Duisburg Ust-IdNr. DE121321638 Umsatzsteuergesetz: DE 63527364839<\/p>\n","protected":false},"author":1,"featured_media":0,"parent":0,"menu_order":0,"comment_status":"closed","ping_status":"closed","template":"","meta":{"footnotes":""},"class_list":["post-100","page","type-page","status-publish","hentry"],"featured_image_urls_v2":{"full":"","thumbnail":"","medium":"","medium_large":"","large":"","1536x1536":"","2048x2048":"","hestia-blog":""},"post_excerpt_stackable_v2":"<p>ASKU-Scholten GmbH Am Buchenberg 2 47198 Duisburg Telefon: +49 2066 9964-0 Fax: +49 2066370666 Email: info@asku-scholten.de Internet: www.asku-scholten.de Vertretungsberechtigte Gesch\u00e4ftsf\u00fchrer: Olaf Kleinjan, Bj\u00f6rn Asmus Registernummer: 8 HR B 3591 Registergericht: AG Duisburg Ust-IdNr. DE121321638 Umsatzsteuergesetz: DE 63527364839<\/p>\n","category_list_v2":"","author_info_v2":{"name":"admin","url":"https:\/\/www.asku-scholten.de\/en\/author\/admin\/"},"comments_num_v2":"0 comments","yoast_head":"<!-- This site is optimized with the Yoast SEO plugin v26.2 - https:\/\/yoast.com\/wordpress\/plugins\/seo\/ -->\n<title>Impressum<\/title>\n<meta name=\"robots\" content=\"index, follow, max-snippet:-1, max-image-preview:large, max-video-preview:-1\" \/>\n<link rel=\"canonical\" href=\"https:\/\/www.asku-scholten.de\/en\/impressum\/\" \/>\n<meta property=\"og:locale\" content=\"en_US\" \/>\n<meta property=\"og:locale:alternate\" content=\"de_DE\" \/>\n<meta property=\"og:type\" content=\"article\" \/>\n<meta property=\"og:title\" content=\"Impressum\" \/>\n<meta property=\"og:description\" content=\"ASKU-Scholten GmbH Am Buchenberg 2 47198 Duisburg Telefon: +49 2066 9964-0 Fax: +49 2066370666 Email: info@asku-scholten.de Internet: www.asku-scholten.de Vertretungsberechtigte Gesch\u00e4ftsf\u00fchrer: Olaf Kleinjan, Bj\u00f6rn Asmus Registernummer: 8 HR B 3591 Registergericht: AG Duisburg Ust-IdNr. DE121321638 Umsatzsteuergesetz: DE 63527364839\" \/>\n<meta property=\"og:url\" content=\"https:\/\/www.asku-scholten.de\/en\/impressum\/\" \/>\n<meta property=\"og:site_name\" content=\"ASKU-Scholten GmbH\" \/>\n<meta property=\"article:modified_time\" content=\"2019-04-23T07:09:49+00:00\" \/>\n<meta name=\"twitter:card\" content=\"summary_large_image\" \/>\n<script type=\"application\/ld+json\" class=\"yoast-schema-graph\">{\"@context\":\"https:\/\/schema.org\",\"@graph\":[{\"@type\":\"WebPage\",\"@id\":\"https:\/\/www.asku-scholten.de\/impressum\/\",\"url\":\"https:\/\/www.asku-scholten.de\/impressum\/\",\"name\":\"Impressum\",\"isPartOf\":{\"@id\":\"https:\/\/www.asku-scholten.de\/#website\"},\"datePublished\":\"2019-04-11T15:45:38+00:00\",\"dateModified\":\"2019-04-23T07:09:49+00:00\",\"breadcrumb\":{\"@id\":\"https:\/\/www.asku-scholten.de\/impressum\/#breadcrumb\"},\"inLanguage\":\"en-US\",\"potentialAction\":[{\"@type\":\"ReadAction\",\"target\":[\"https:\/\/www.asku-scholten.de\/impressum\/\"]}]},{\"@type\":\"BreadcrumbList\",\"@id\":\"https:\/\/www.asku-scholten.de\/impressum\/#breadcrumb\",\"itemListElement\":[{\"@type\":\"ListItem\",\"position\":1,\"name\":\"Startseite\",\"item\":\"https:\/\/www.asku-scholten.de\/\"},{\"@type\":\"ListItem\",\"position\":2,\"name\":\"Impressum\"}]},{\"@type\":\"WebSite\",\"@id\":\"https:\/\/www.asku-scholten.de\/#website\",\"url\":\"https:\/\/www.asku-scholten.de\/\",\"name\":\"ASKU-Scholten GmbH\",\"description\":\"Maschinenbau &amp; Engineering\",\"publisher\":{\"@id\":\"https:\/\/www.asku-scholten.de\/#organization\"},\"potentialAction\":[{\"@type\":\"SearchAction\",\"target\":{\"@type\":\"EntryPoint\",\"urlTemplate\":\"https:\/\/www.asku-scholten.de\/?s={search_term_string}\"},\"query-input\":{\"@type\":\"PropertyValueSpecification\",\"valueRequired\":true,\"valueName\":\"search_term_string\"}}],\"inLanguage\":\"en-US\"},{\"@type\":\"Organization\",\"@id\":\"https:\/\/www.asku-scholten.de\/#organization\",\"name\":\"ASKU-Scholten GmbH\",\"url\":\"https:\/\/www.asku-scholten.de\/\",\"logo\":{\"@type\":\"ImageObject\",\"inLanguage\":\"en-US\",\"@id\":\"https:\/\/www.asku-scholten.de\/#\/schema\/logo\/image\/\",\"url\":\"https:\/\/www.asku-scholten.de\/wp-content\/uploads\/Scholten_Logo.png\",\"contentUrl\":\"https:\/\/www.asku-scholten.de\/wp-content\/uploads\/Scholten_Logo.png\",\"width\":1416,\"height\":618,\"caption\":\"ASKU-Scholten GmbH\"},\"image\":{\"@id\":\"https:\/\/www.asku-scholten.de\/#\/schema\/logo\/image\/\"}}]}<\/script>\n<!-- \/ Yoast SEO plugin. -->","yoast_head_json":{"title":"Impressum","robots":{"index":"index","follow":"follow","max-snippet":"max-snippet:-1","max-image-preview":"max-image-preview:large","max-video-preview":"max-video-preview:-1"},"canonical":"https:\/\/www.asku-scholten.de\/en\/impressum\/","og_locale":"en_US","og_type":"article","og_title":"[:de]Impressum[:] - ASKU-Scholten GmbH","og_description":"ASKU-Scholten GmbH Am Buchenberg 2 47198 Duisburg Telefon: +49 2066 9964-0 Fax: +49 2066370666 Email: info@asku-scholten.de Internet: www.asku-scholten.de Vertretungsberechtigte Gesch\u00e4ftsf\u00fchrer: Olaf Kleinjan, Bj\u00f6rn Asmus Registernummer: 8 HR B 3591 Registergericht: AG Duisburg Ust-IdNr. DE121321638 Umsatzsteuergesetz: DE 63527364839","og_url":"https:\/\/www.asku-scholten.de\/en\/impressum\/","og_site_name":"ASKU-Scholten GmbH","article_modified_time":"2019-04-23T07:09:49+00:00","twitter_card":"summary_large_image","schema":{"@context":"https:\/\/schema.org","@graph":[{"@type":"WebPage","@id":"https:\/\/www.asku-scholten.de\/impressum\/","url":"https:\/\/www.asku-scholten.de\/impressum\/","name":"Impressum","isPartOf":{"@id":"https:\/\/www.asku-scholten.de\/#website"},"datePublished":"2019-04-11T15:45:38+00:00","dateModified":"2019-04-23T07:09:49+00:00","breadcrumb":{"@id":"https:\/\/www.asku-scholten.de\/impressum\/#breadcrumb"},"inLanguage":"en-US","potentialAction":[{"@type":"ReadAction","target":["https:\/\/www.asku-scholten.de\/impressum\/"]}]},{"@type":"BreadcrumbList","@id":"https:\/\/www.asku-scholten.de\/impressum\/#breadcrumb","itemListElement":[{"@type":"ListItem","position":1,"name":"Startseite","item":"https:\/\/www.asku-scholten.de\/"},{"@type":"ListItem","position":2,"name":"Impressum"}]},{"@type":"WebSite","@id":"https:\/\/www.asku-scholten.de\/#website","url":"https:\/\/www.asku-scholten.de\/","name":"ASKU-Scholten GmbH","description":"Maschinenbau &amp; Engineering","publisher":{"@id":"https:\/\/www.asku-scholten.de\/#organization"},"potentialAction":[{"@type":"SearchAction","target":{"@type":"EntryPoint","urlTemplate":"https:\/\/www.asku-scholten.de\/?s={search_term_string}"},"query-input":{"@type":"PropertyValueSpecification","valueRequired":true,"valueName":"search_term_string"}}],"inLanguage":"en-US"},{"@type":"Organization","@id":"https:\/\/www.asku-scholten.de\/#organization","name":"ASKU-Scholten GmbH","url":"https:\/\/www.asku-scholten.de\/","logo":{"@type":"ImageObject","inLanguage":"en-US","@id":"https:\/\/www.asku-scholten.de\/#\/schema\/logo\/image\/","url":"https:\/\/www.asku-scholten.de\/wp-content\/uploads\/Scholten_Logo.png","contentUrl":"https:\/\/www.asku-scholten.de\/wp-content\/uploads\/Scholten_Logo.png","width":1416,"height":618,"caption":"ASKU-Scholten GmbH"},"image":{"@id":"https:\/\/www.asku-scholten.de\/#\/schema\/logo\/image\/"}}]}},"_links":{"self":[{"href":"https:\/\/www.asku-scholten.de\/en\/wp-json\/wp\/v2\/pages\/100","targetHints":{"allow":["GET"]}}],"collection":[{"href":"https:\/\/www.asku-scholten.de\/en\/wp-json\/wp\/v2\/pages"}],"about":[{"href":"https:\/\/www.asku-scholten.de\/en\/wp-json\/wp\/v2\/types\/page"}],"author":[{"embeddable":true,"href":"https:\/\/www.asku-scholten.de\/en\/wp-json\/wp\/v2\/users\/1"}],"replies":[{"embeddable":true,"href":"https:\/\/www.asku-scholten.de\/en\/wp-json\/wp\/v2\/comments?post=100"}],"version-history":[{"count":4,"href":"https:\/\/www.asku-scholten.de\/en\/wp-json\/wp\/v2\/pages\/100\/revisions"}],"predecessor-version":[{"id":531,"href":"https:\/\/www.asku-scholten.de\/en\/wp-json\/wp\/v2\/pages\/100\/revisions\/531"}],"wp:attachment":[{"href":"https:\/\/www.asku-scholten.de\/en\/wp-json\/wp\/v2\/media?parent=100"}],"curies":[{"name":"wp","href":"https:\/\/api.w.org\/{rel}","templated":true}]}}