{"id":145,"date":"2019-04-12T17:22:39","date_gmt":"2019-04-12T15:22:39","guid":{"rendered":"http:\/\/www.asku-scholten.de\/?page_id=145"},"modified":"2021-06-02T13:12:35","modified_gmt":"2021-06-02T11:12:35","slug":"trommelbremsen","status":"publish","type":"page","link":"https:\/\/www.asku-scholten.de\/en\/produkte\/trommelbremsen\/","title":{"rendered":"Trommelbremsen"},"content":{"rendered":"\n<div class=\"aligncenter wp-block-ugb-card ugb-card ugb-55af13a ugb-card--v2 ugb-card--design-plain ugb-card--columns-2 ugb-main-block\"><style>.ugb-55af13a .ugb-card__title,.ugb-55af13a .ugb-card__subtitle,.ugb-55af13a .ugb-card__description,.ugb-55af13a .ugb-button-container{text-align:center}.ugb-55af13a .ugb-card__image{border-radius:0px !important;height:300px !important;margin-bottom:0px !important}.ugb-55af13a .ugb-card__item1 .ugb-card__image{background-image:url(https:\/\/www.asku-scholten.de\/wp-content\/uploads\/SN-B09.jpg)}.ugb-55af13a .ugb-card__item2 .ugb-card__image{background-image:url(https:\/\/www.asku-scholten.de\/wp-content\/uploads\/SN-B07-Modell.png)}.ugb-55af13a .ugb-card__title{font-size:18px !important;color:#488eea !important;text-align:center !important;margin-bottom:0px !important}.ugb-55af13a .ugb-card__subtitle{font-size:12px !important;margin-bottom:5px !important}.ugb-55af13a .ugb-card__description{margin-bottom:0px !important}.ugb-55af13a .ugb-button{background-color:#488eea;padding-top:0px;padding-right:100px;padding-bottom:0px;padding-left:100px;border-radius:0px !important}.ugb-55af13a .ugb-button .ugb-button--inner,.ugb-55af13a .ugb-button svg:not(.ugb-custom-icon){color:#ffffff !important}.ugb-55af13a .ugb-button:hover{opacity:0.7}.ugb-55af13a .ugb-button:before{border-radius:0px !important}.ugb-55af13a .ugb-button-container{text-align:center !important;margin-bottom:0px !important}.ugb-55af13a .ugb-inner-block{text-align:center}.ugb-55af13a .ugb-block-title{font-size:26px !important}@media screen and (min-width:768px){.ugb-55af13a.ugb-card{margin-bottom:0px !important;margin-right:-100px !important;margin-left:-50px !important}}<\/style><div class=\"ugb-inner-block\"><h3 class=\"ugb-block-title\">Trommelbremsen f\u00fcr Eldroger\u00e4te ohne C-Feder<\/h3><div class=\"ugb-block-content\"><div class=\"ugb-card__item ugb-card__item1\"><div class=\"ugb-card__image ugb--shadow-0\"><\/div><div class=\"ugb-card__content\"><h4 class=\"ugb-card__title\">Trommelbremse SN-B09<\/h4><p class=\"ugb-card__subtitle\">mit Exzenter f\u00fcr Eldroger\u00e4te ohne C-Feder<\/p><div class=\"ugb-button-container\"><a class=\"ugb-button ugb-button--size-normal ugb--hover-effect-lift-scale-more\" href=\"https:\/\/www.asku-scholten.de\/index.php\/produkte\/trommelbremsen\/sn-b09-2\/\" rel=\"\" title=\"\"><span class=\"ugb-button--inner\">zur SN-B09<\/span><\/a><\/div><\/div><\/div><div class=\"ugb-card__item ugb-card__item2\"><div class=\"ugb-card__image ugb--shadow-0\"><\/div><div class=\"ugb-card__content\"><h4 class=\"ugb-card__title\">Trommelbremse SN-B07<\/h4><p class=\"ugb-card__subtitle\">ohne Exzenter f\u00fcr Eldroger\u00e4te ohne C-Feder<\/p><div class=\"ugb-button-container\"><a class=\"ugb-button ugb-button--size-normal ugb--hover-effect-lift-scale-more\" href=\"https:\/\/www.asku-scholten.de\/index.php\/produkte\/trommelbremsen\/sn-b07\/\" rel=\"\" title=\"\"><span class=\"ugb-button--inner\">zur SN-B07<\/span><\/a><\/div><\/div><\/div><\/div><\/div><\/div>\n\n\n\n<div class=\"wp-block-ugb-card ugb-card ugb-44247ce ugb-card--v2 ugb-card--design-plain ugb-card--columns-2 ugb-main-block\"><style>.ugb-44247ce .ugb-card__title,.ugb-44247ce .ugb-card__subtitle,.ugb-44247ce .ugb-card__description,.ugb-44247ce .ugb-button-container{text-align:center}.ugb-44247ce .ugb-card__image{border-radius:0px !important;height:300px !important}.ugb-44247ce .ugb-card__item1 .ugb-card__image{background-image:url(https:\/\/www.asku-scholten.de\/wp-content\/uploads\/SN-B08-Modell.png)}.ugb-44247ce .ugb-card__item2 .ugb-card__image{background-image:url(https:\/\/www.asku-scholten.de\/wp-content\/uploads\/SN-B10.png)}.ugb-44247ce .ugb-card__title{font-size:18px !important;color:#488eea !important;text-align:center !important;margin-bottom:0px !important}.ugb-44247ce .ugb-card__subtitle{font-size:12px !important;margin-bottom:5px !important}.ugb-44247ce .ugb-card__description{margin-bottom:0px !important}.ugb-44247ce .ugb-button{background-color:#488eea;padding-top:0px;padding-right:100px;padding-bottom:0px;padding-left:100px;border-radius:0px !important}.ugb-44247ce .ugb-button .ugb-button--inner,.ugb-44247ce .ugb-button svg:not(.ugb-custom-icon){color:#ffffff !important}.ugb-44247ce .ugb-button:hover{opacity:0.7}.ugb-44247ce .ugb-button:before{border-radius:0px !important}.ugb-44247ce .ugb-inner-block{text-align:center}.ugb-44247ce .ugb-block-title{font-size:26px !important}@media screen and (min-width:768px){.ugb-44247ce.ugb-card{margin-bottom:0px !important;margin-right:-100px !important;margin-left:-50px !important}}<\/style><div class=\"ugb-inner-block\"><h3 class=\"ugb-block-title\">Trommelbremsen f\u00fcr Eldtroger\u00e4te mit C-Feder<\/h3><div class=\"ugb-block-content\"><div class=\"ugb-card__item ugb-card__item1\"><div class=\"ugb-card__image ugb--shadow-0\"><\/div><div class=\"ugb-card__content\"><h4 class=\"ugb-card__title\">Trommelbremse SN-B08<\/h4><p class=\"ugb-card__subtitle\">ohne Exzenter f\u00fcr Eldroger\u00e4te mit C-Feder<\/p><div class=\"ugb-button-container\"><a class=\"ugb-button ugb-button--size-normal ugb--hover-effect-lift-scale-more\" href=\"https:\/\/www.asku-scholten.de\/index.php\/produkte\/trommelbremsen\/sn-b08\/\" rel=\"\" title=\"\"><span class=\"ugb-button--inner\">zur SN-B08<\/span><\/a><\/div><\/div><\/div><div class=\"ugb-card__item ugb-card__item2\"><div class=\"ugb-card__image ugb--shadow-0\"><\/div><div class=\"ugb-card__content\"><h4 class=\"ugb-card__title\">Trommelbremse SN-B10<\/h4><p class=\"ugb-card__subtitle\">mit Exzenter f\u00fcr Eldroger\u00e4te mit C-Feder<\/p><div class=\"ugb-button-container\"><a class=\"ugb-button ugb-button--size-normal ugb--hover-effect-lift-scale-more\" href=\"https:\/\/www.asku-scholten.de\/index.php\/produkte\/trommelbremsen\/sn-b10-2\/\" rel=\"\" title=\"\"><span class=\"ugb-button--inner\">zur SN-B10<\/span><\/a><\/div><\/div><\/div><\/div><\/div><\/div>\n\n\n\n<div class=\"wp-block-ugb-card ugb-card ugb-22b1f02 ugb-card--v2 ugb-card--design-plain ugb-card--columns-2 ugb-main-block\"><style>.ugb-22b1f02 .ugb-card__title,.ugb-22b1f02 .ugb-card__subtitle,.ugb-22b1f02 .ugb-card__description,.ugb-22b1f02 .ugb-button-container{text-align:center}.ugb-22b1f02 .ugb-card__image{border-radius:0px !important;height:300px !important}.ugb-22b1f02 .ugb-card__item1 .ugb-card__image{background-image:url(https:\/\/www.asku-scholten.de\/wp-content\/uploads\/SN-B13u14-Modell.png)}.ugb-22b1f02 .ugb-card__item2 .ugb-card__image{background-image:url(https:\/\/www.asku-scholten.de\/wp-content\/uploads\/SN-B15u16-Modell.png)}.ugb-22b1f02 .ugb-card__title{font-size:18px !important;color:#488eea !important;margin-bottom:0px !important}.ugb-22b1f02 .ugb-card__subtitle{font-size:12px !important;margin-bottom:5px !important}.ugb-22b1f02 .ugb-card__description{margin-bottom:0px !important}.ugb-22b1f02 .ugb-button{background-color:#488eea;padding-top:0px;padding-right:100px;padding-bottom:0px;padding-left:100px;border-radius:0px !important}.ugb-22b1f02 .ugb-button .ugb-button--inner,.ugb-22b1f02 .ugb-button svg:not(.ugb-custom-icon){color:#ffffff !important}.ugb-22b1f02 .ugb-button:hover{opacity:0.7}.ugb-22b1f02 .ugb-button:before{border-radius:0px !important}.ugb-22b1f02 .ugb-inner-block{text-align:center}.ugb-22b1f02 .ugb-block-title{font-size:26px !important}@media screen and (min-width:768px){.ugb-22b1f02.ugb-card{margin-bottom:100px !important;margin-right:-100px !important;margin-left:-50px !important}}<\/style><div class=\"ugb-inner-block\"><h3 class=\"ugb-block-title\">Trommelbremsen f\u00fcr Hydraulik- und Pneumatikzylinder<\/h3><div class=\"ugb-block-content\"><div class=\"ugb-card__item ugb-card__item1\"><div class=\"ugb-card__image ugb--shadow-0\"><\/div><div class=\"ugb-card__content\"><h4 class=\"ugb-card__title\">Trommelbremsen SN-B13 und 14<\/h4><p class=\"ugb-card__subtitle\">f\u00fcr \u00f6lhydraulische Fu\u00dfbet\u00e4tigung<\/p><div class=\"ugb-button-container\"><a class=\"ugb-button ugb-button--size-normal ugb--hover-effect-lift-scale-more\" href=\"https:\/\/www.asku-scholten.de\/index.php\/produkte\/trommelbremsen\/sn-b13-14\/\" rel=\"\" title=\"\"><span class=\"ugb-button--inner\">zu SN-B13 u. 14<\/span><\/a><\/div><\/div><\/div><div class=\"ugb-card__item ugb-card__item2\"><div class=\"ugb-card__image ugb--shadow-0\"><\/div><div class=\"ugb-card__content\"><h4 class=\"ugb-card__title\">Trommelbremsen SN-B15 und 16<\/h4><p class=\"ugb-card__subtitle\">f\u00fcr Druckluft-L\u00fcftzylinder<\/p><div class=\"ugb-button-container\"><a class=\"ugb-button ugb-button--size-normal ugb--hover-effect-lift-scale-more\" href=\"https:\/\/www.asku-scholten.de\/index.php\/produkte\/trommelbremsen\/sn-b15-16\/\" rel=\"\" title=\"\"><span class=\"ugb-button--inner\">zu SN-B15 u. 16<\/span><\/a><\/div><\/div><\/div><\/div><\/div><\/div>\n","protected":false},"excerpt":{"rendered":"<p>Trommelbremsen f\u00fcr Eldroger\u00e4te ohne C-Feder Trommelbremse SN-B09 mit Exzenter f\u00fcr Eldroger\u00e4te ohne C-Feder zur SN-B09 Trommelbremse SN-B07 ohne Exzenter f\u00fcr Eldroger\u00e4te ohne C-Feder zur SN-B07 Trommelbremsen f\u00fcr Eldtroger\u00e4te mit C-Feder Trommelbremse SN-B08 ohne Exzenter f\u00fcr Eldroger\u00e4te mit C-Feder zur SN-B08 Trommelbremse SN-B10 mit Exzenter f\u00fcr Eldroger\u00e4te mit C-Feder zur SN-B10 [&hellip;]<\/p>\n","protected":false},"author":1,"featured_media":0,"parent":139,"menu_order":0,"comment_status":"closed","ping_status":"closed","template":"","meta":{"footnotes":""},"class_list":["post-145","page","type-page","status-publish","hentry"],"featured_image_urls_v2":{"full":"","thumbnail":"","medium":"","medium_large":"","large":"","1536x1536":"","2048x2048":"","hestia-blog":""},"post_excerpt_stackable_v2":"<p>Trommelbremsen f\u00fcr Eldroger\u00e4te ohne C-FederTrommelbremse SN-B09mit Exzenter f\u00fcr Eldroger\u00e4te ohne C-Federzur SN-B09Trommelbremse SN-B07ohne Exzenter f\u00fcr Eldroger\u00e4te ohne C-Federzur SN-B07 Trommelbremsen f\u00fcr Eldtroger\u00e4te mit C-FederTrommelbremse SN-B08ohne Exzenter f\u00fcr Eldroger\u00e4te mit C-Federzur SN-B08Trommelbremse SN-B10mit Exzenter f\u00fcr Eldroger\u00e4te mit C-Federzur SN-B10 Trommelbremsen f\u00fcr Hydraulik- und PneumatikzylinderTrommelbremsen SN-B13 und 14f\u00fcr \u00f6lhydraulische Fu\u00dfbet\u00e4tigungzu SN-B13 u. 14Trommelbremsen SN-B15 und 16f\u00fcr Druckluft-L\u00fcftzylinderzu SN-B15 u. 16<\/p>\n","category_list_v2":"","author_info_v2":{"name":"admin","url":"https:\/\/www.asku-scholten.de\/en\/author\/admin\/"},"comments_num_v2":"0 comments","yoast_head":"<!-- This site is optimized with the Yoast SEO plugin v26.2 - https:\/\/yoast.com\/wordpress\/plugins\/seo\/ -->\n<title>Trommelbremsen<\/title>\n<meta name=\"description\" content=\"Die Scholten-Trommelbremsen.\" \/>\n<meta name=\"robots\" content=\"index, follow, max-snippet:-1, max-image-preview:large, max-video-preview:-1\" \/>\n<link rel=\"canonical\" href=\"https:\/\/www.asku-scholten.de\/en\/produkte\/trommelbremsen\/\" \/>\n<meta property=\"og:locale\" content=\"en_US\" \/>\n<meta property=\"og:locale:alternate\" content=\"de_DE\" \/>\n<meta property=\"og:type\" content=\"article\" \/>\n<meta property=\"og:title\" content=\"Trommelbremsen\" \/>\n<meta property=\"og:description\" content=\"Die Scholten-Trommelbremsen.\" \/>\n<meta property=\"og:url\" content=\"https:\/\/www.asku-scholten.de\/en\/produkte\/trommelbremsen\/\" \/>\n<meta property=\"og:site_name\" content=\"ASKU-Scholten GmbH\" \/>\n<meta property=\"article:modified_time\" content=\"2021-06-02T11:12:35+00:00\" \/>\n<meta name=\"twitter:card\" content=\"summary_large_image\" \/>\n<meta name=\"twitter:label1\" content=\"Est. reading time\" \/>\n\t<meta name=\"twitter:data1\" content=\"1 minute\" \/>\n<script type=\"application\/ld+json\" class=\"yoast-schema-graph\">{\"@context\":\"https:\/\/schema.org\",\"@graph\":[{\"@type\":\"WebPage\",\"@id\":\"https:\/\/www.asku-scholten.de\/produkte\/trommelbremsen\/\",\"url\":\"https:\/\/www.asku-scholten.de\/produkte\/trommelbremsen\/\",\"name\":\"Trommelbremsen\",\"isPartOf\":{\"@id\":\"https:\/\/www.asku-scholten.de\/#website\"},\"datePublished\":\"2019-04-12T15:22:39+00:00\",\"dateModified\":\"2021-06-02T11:12:35+00:00\",\"description\":\"Die Scholten-Trommelbremsen.\",\"breadcrumb\":{\"@id\":\"https:\/\/www.asku-scholten.de\/produkte\/trommelbremsen\/#breadcrumb\"},\"inLanguage\":\"en-US\",\"potentialAction\":[{\"@type\":\"ReadAction\",\"target\":[\"https:\/\/www.asku-scholten.de\/produkte\/trommelbremsen\/\"]}]},{\"@type\":\"BreadcrumbList\",\"@id\":\"https:\/\/www.asku-scholten.de\/produkte\/trommelbremsen\/#breadcrumb\",\"itemListElement\":[{\"@type\":\"ListItem\",\"position\":1,\"name\":\"Startseite\",\"item\":\"https:\/\/www.asku-scholten.de\/\"},{\"@type\":\"ListItem\",\"position\":2,\"name\":\"Produkte\",\"item\":\"https:\/\/www.asku-scholten.de\/produkte\/\"},{\"@type\":\"ListItem\",\"position\":3,\"name\":\"Trommelbremsen\"}]},{\"@type\":\"WebSite\",\"@id\":\"https:\/\/www.asku-scholten.de\/#website\",\"url\":\"https:\/\/www.asku-scholten.de\/\",\"name\":\"ASKU-Scholten GmbH\",\"description\":\"Maschinenbau &amp; Engineering\",\"publisher\":{\"@id\":\"https:\/\/www.asku-scholten.de\/#organization\"},\"potentialAction\":[{\"@type\":\"SearchAction\",\"target\":{\"@type\":\"EntryPoint\",\"urlTemplate\":\"https:\/\/www.asku-scholten.de\/?s={search_term_string}\"},\"query-input\":{\"@type\":\"PropertyValueSpecification\",\"valueRequired\":true,\"valueName\":\"search_term_string\"}}],\"inLanguage\":\"en-US\"},{\"@type\":\"Organization\",\"@id\":\"https:\/\/www.asku-scholten.de\/#organization\",\"name\":\"ASKU-Scholten GmbH\",\"url\":\"https:\/\/www.asku-scholten.de\/\",\"logo\":{\"@type\":\"ImageObject\",\"inLanguage\":\"en-US\",\"@id\":\"https:\/\/www.asku-scholten.de\/#\/schema\/logo\/image\/\",\"url\":\"https:\/\/www.asku-scholten.de\/wp-content\/uploads\/Scholten_Logo.png\",\"contentUrl\":\"https:\/\/www.asku-scholten.de\/wp-content\/uploads\/Scholten_Logo.png\",\"width\":1416,\"height\":618,\"caption\":\"ASKU-Scholten GmbH\"},\"image\":{\"@id\":\"https:\/\/www.asku-scholten.de\/#\/schema\/logo\/image\/\"}}]}<\/script>\n<!-- \/ Yoast SEO plugin. -->","yoast_head_json":{"title":"Trommelbremsen","description":"Die Scholten-Trommelbremsen.","robots":{"index":"index","follow":"follow","max-snippet":"max-snippet:-1","max-image-preview":"max-image-preview:large","max-video-preview":"max-video-preview:-1"},"canonical":"https:\/\/www.asku-scholten.de\/en\/produkte\/trommelbremsen\/","og_locale":"en_US","og_type":"article","og_title":"[:de]Trommelbremsen[:] - ASKU-Scholten GmbH","og_description":"Die Scholten-Trommelbremsen.","og_url":"https:\/\/www.asku-scholten.de\/en\/produkte\/trommelbremsen\/","og_site_name":"ASKU-Scholten GmbH","article_modified_time":"2021-06-02T11:12:35+00:00","twitter_card":"summary_large_image","twitter_misc":{"Est. reading time":"1 minute"},"schema":{"@context":"https:\/\/schema.org","@graph":[{"@type":"WebPage","@id":"https:\/\/www.asku-scholten.de\/produkte\/trommelbremsen\/","url":"https:\/\/www.asku-scholten.de\/produkte\/trommelbremsen\/","name":"Trommelbremsen","isPartOf":{"@id":"https:\/\/www.asku-scholten.de\/#website"},"datePublished":"2019-04-12T15:22:39+00:00","dateModified":"2021-06-02T11:12:35+00:00","description":"Die Scholten-Trommelbremsen.","breadcrumb":{"@id":"https:\/\/www.asku-scholten.de\/produkte\/trommelbremsen\/#breadcrumb"},"inLanguage":"en-US","potentialAction":[{"@type":"ReadAction","target":["https:\/\/www.asku-scholten.de\/produkte\/trommelbremsen\/"]}]},{"@type":"BreadcrumbList","@id":"https:\/\/www.asku-scholten.de\/produkte\/trommelbremsen\/#breadcrumb","itemListElement":[{"@type":"ListItem","position":1,"name":"Startseite","item":"https:\/\/www.asku-scholten.de\/"},{"@type":"ListItem","position":2,"name":"Produkte","item":"https:\/\/www.asku-scholten.de\/produkte\/"},{"@type":"ListItem","position":3,"name":"Trommelbremsen"}]},{"@type":"WebSite","@id":"https:\/\/www.asku-scholten.de\/#website","url":"https:\/\/www.asku-scholten.de\/","name":"ASKU-Scholten GmbH","description":"Maschinenbau &amp; Engineering","publisher":{"@id":"https:\/\/www.asku-scholten.de\/#organization"},"potentialAction":[{"@type":"SearchAction","target":{"@type":"EntryPoint","urlTemplate":"https:\/\/www.asku-scholten.de\/?s={search_term_string}"},"query-input":{"@type":"PropertyValueSpecification","valueRequired":true,"valueName":"search_term_string"}}],"inLanguage":"en-US"},{"@type":"Organization","@id":"https:\/\/www.asku-scholten.de\/#organization","name":"ASKU-Scholten GmbH","url":"https:\/\/www.asku-scholten.de\/","logo":{"@type":"ImageObject","inLanguage":"en-US","@id":"https:\/\/www.asku-scholten.de\/#\/schema\/logo\/image\/","url":"https:\/\/www.asku-scholten.de\/wp-content\/uploads\/Scholten_Logo.png","contentUrl":"https:\/\/www.asku-scholten.de\/wp-content\/uploads\/Scholten_Logo.png","width":1416,"height":618,"caption":"ASKU-Scholten GmbH"},"image":{"@id":"https:\/\/www.asku-scholten.de\/#\/schema\/logo\/image\/"}}]}},"_links":{"self":[{"href":"https:\/\/www.asku-scholten.de\/en\/wp-json\/wp\/v2\/pages\/145","targetHints":{"allow":["GET"]}}],"collection":[{"href":"https:\/\/www.asku-scholten.de\/en\/wp-json\/wp\/v2\/pages"}],"about":[{"href":"https:\/\/www.asku-scholten.de\/en\/wp-json\/wp\/v2\/types\/page"}],"author":[{"embeddable":true,"href":"https:\/\/www.asku-scholten.de\/en\/wp-json\/wp\/v2\/users\/1"}],"replies":[{"embeddable":true,"href":"https:\/\/www.asku-scholten.de\/en\/wp-json\/wp\/v2\/comments?post=145"}],"version-history":[{"count":12,"href":"https:\/\/www.asku-scholten.de\/en\/wp-json\/wp\/v2\/pages\/145\/revisions"}],"predecessor-version":[{"id":638,"href":"https:\/\/www.asku-scholten.de\/en\/wp-json\/wp\/v2\/pages\/145\/revisions\/638"}],"up":[{"embeddable":true,"href":"https:\/\/www.asku-scholten.de\/en\/wp-json\/wp\/v2\/pages\/139"}],"wp:attachment":[{"href":"https:\/\/www.asku-scholten.de\/en\/wp-json\/wp\/v2\/media?parent=145"}],"curies":[{"name":"wp","href":"https:\/\/api.w.org\/{rel}","templated":true}]}}