{"id":182,"date":"2019-04-15T13:50:58","date_gmt":"2019-04-15T11:50:58","guid":{"rendered":"http:\/\/www.asku-scholten.de\/?page_id=182"},"modified":"2025-08-04T17:30:09","modified_gmt":"2025-08-04T15:30:09","slug":"engineering","status":"publish","type":"page","link":"https:\/\/www.asku-scholten.de\/en\/engineering\/","title":{"rendered":"Engineering"},"content":{"rendered":"\n<div class=\"wp-block-columns alignwide is-layout-flex wp-container-core-columns-is-layout-28f84493 wp-block-columns-is-layout-flex\">\n<div class=\"wp-block-column is-layout-flow wp-block-column-is-layout-flow\" style=\"flex-basis:100%\"><\/div>\n<\/div>\n\n\n\n<div class=\"wp-block-image\"><figure class=\"aligncenter size-full is-resized\"><img fetchpriority=\"high\" decoding=\"async\" src=\"https:\/\/www.asku-scholten.de\/wp-content\/uploads\/Engineering_Kran_Giesstraverse_bearbeitet_v3.jpg\" alt=\"\" class=\"wp-image-772\" width=\"691\" height=\"291\"\/><\/figure><\/div>\n\n\n\n<h2 class=\"wp-block-heading\">Kran- &#038; Anlagenbau<\/h2>\n\n\n\n<p>Entwicklung und Konstruktion im Bereich des Kran- und Anlagenbaus. Unser T\u00e4tigkeitsfeld umfasst dar\u00fcber hinaus auch die Betreuung von Neubauprojekten, sowie Instandsetzungen, Traglasterh\u00f6hungen, Umbau und weitere Modifikationen bestehender Anlagen.<br><br><br><br><br><\/p>\n\n\n\n<div class=\"wp-block-columns is-layout-flex wp-container-core-columns-is-layout-28f84493 wp-block-columns-is-layout-flex\">\n<div class=\"wp-block-column is-layout-flow wp-block-column-is-layout-flow\">\n<div class=\"wp-block-image\"><figure class=\"aligncenter size-full is-resized\"><img decoding=\"async\" src=\"https:\/\/www.asku-scholten.de\/wp-content\/uploads\/Engineering_Pfanne_FEM_bearbeitet_ausgeschnitten.png\" alt=\"\" class=\"wp-image-770\" width=\"300\" height=\"375\"\/><\/figure><\/div>\n\n\n\n<h2 class=\"wp-block-heading\">Stahlgie\u00dfpfannen und Komponenten<\/h2>\n\n\n\n<p>Entwicklung und Konstruktion von Stahlgie\u00dfpfannen und dazugeh\u00f6rigen Komponenten. Berechnung und Auslegung nach geltenden Normen, Machbarkeitsstudien, FEM-Analysen, Engineering, sowie Instandsetzungskonzepte.<br><br><br><br><\/p>\n<\/div>\n<\/div>\n\n\n\n<div class=\"wp-block-columns is-layout-flex wp-container-core-columns-is-layout-28f84493 wp-block-columns-is-layout-flex\">\n<div class=\"wp-block-column is-layout-flow wp-block-column-is-layout-flow\">\n<div class=\"wp-block-image\"><figure class=\"aligncenter size-full is-resized\"><img decoding=\"async\" src=\"https:\/\/www.asku-scholten.de\/wp-content\/uploads\/Engineering_weitere_Traverse-1.jpg\" alt=\"\" class=\"wp-image-771\" width=\"562\" height=\"364\"\/><\/figure><\/div>\n\n\n\n<h2 class=\"wp-block-heading\">Traversen &#038; Lastaufnahmemittel<\/h2>\n\n\n\n<p>Entwicklung und Konstruktion von Traversen und Lastaufnahmemitteln entsprechend der individuell ben\u00f6tigten Anforderungen. Berechnung und Auslegung nach geltenden Normen, Machbarkeitsstudien, FEM-Analysen, Planung, Engineering, sowie Begutachtung und Instandsetzung.<br><br><br><\/p>\n<\/div>\n<\/div>\n\n\n\n\n\n<h2 class=\"wp-block-heading\">Kransachverst\u00e4ndigen-dienstleistungen<\/h2>\n\n\n\n<p>F\u00fcr Beratung, Kran-Abnahmen oder Wiederherstellung von Dokumentationen. Begleitung von Inbetriebnahmen.<br><br><br><\/p>\n\n\n\n<div class=\"wp-block-columns is-layout-flex wp-container-core-columns-is-layout-28f84493 wp-block-columns-is-layout-flex\">\n<div class=\"wp-block-column is-layout-flow wp-block-column-is-layout-flow\"><\/div>\n<\/div>\n\n\n\n<h2 class=\"wp-block-heading\">Weiteres&#8230;<\/h2>\n\n\n\n<p>Wir sind Ihr Ansprechpartner wenn es um individuelle L\u00f6sungen rund um den Kran- und Anlagenbau geht! Egal ob es sich dabei um Anpassungen des Bestandes, Sonderausf\u00fchrungen von Stahl- und Maschinenbau oder rein beratende T\u00e4tigkeiten dreht. Sprechen Sie uns an!<br><br><br><br><br><\/p>\n","protected":false},"excerpt":{"rendered":"<p>Kran- &#038; Anlagenbau Entwicklung und Konstruktion im Bereich des Kran- und Anlagenbaus. Unser T\u00e4tigkeitsfeld umfasst dar\u00fcber hinaus auch die Betreuung von Neubauprojekten, sowie Instandsetzungen, Traglasterh\u00f6hungen, Umbau und weitere Modifikationen bestehender Anlagen. Stahlgie\u00dfpfannen und Komponenten Entwicklung und Konstruktion von Stahlgie\u00dfpfannen und dazugeh\u00f6rigen Komponenten. Berechnung und Auslegung nach geltenden Normen, Machbarkeitsstudien, FEM-Analysen, [&hellip;]<\/p>\n","protected":false},"author":1,"featured_media":0,"parent":0,"menu_order":0,"comment_status":"closed","ping_status":"closed","template":"","meta":{"footnotes":""},"class_list":["post-182","page","type-page","status-publish","hentry"],"featured_image_urls_v2":{"full":"","thumbnail":"","medium":"","medium_large":"","large":"","1536x1536":"","2048x2048":"","hestia-blog":""},"post_excerpt_stackable_v2":"<p>Kran- &#038; Anlagenbau Entwicklung und Konstruktion im Bereich des Kran- und Anlagenbaus. Unser T\u00e4tigkeitsfeld umfasst dar\u00fcber hinaus auch die Betreuung von Neubauprojekten, sowie Instandsetzungen, Traglasterh\u00f6hungen, Umbau und weitere Modifikationen bestehender Anlagen. Stahlgie\u00dfpfannen und Komponenten Entwicklung und Konstruktion von Stahlgie\u00dfpfannen und dazugeh\u00f6rigen Komponenten. Berechnung und Auslegung nach geltenden Normen, Machbarkeitsstudien, FEM-Analysen, Engineering, sowie Instandsetzungskonzepte. Traversen &#038; Lastaufnahmemittel Entwicklung und Konstruktion von Traversen und Lastaufnahmemitteln entsprechend der individuell ben\u00f6tigten Anforderungen. Berechnung und Auslegung nach geltenden Normen, Machbarkeitsstudien, FEM-Analysen, Planung, Engineering, sowie Begutachtung und Instandsetzung. Kransachverst\u00e4ndigen-dienstleistungen F\u00fcr Beratung, Kran-Abnahmen oder Wiederherstellung von Dokumentationen. Begleitung von Inbetriebnahmen. Weiteres&#8230; Wir sind Ihr Ansprechpartner wenn es&hellip;<\/p>\n","category_list_v2":"","author_info_v2":{"name":"admin","url":"https:\/\/www.asku-scholten.de\/en\/author\/admin\/"},"comments_num_v2":"0 comments","yoast_head":"<!-- This site is optimized with the Yoast SEO plugin v26.2 - https:\/\/yoast.com\/wordpress\/plugins\/seo\/ -->\n<title>Engineering<\/title>\n<meta name=\"description\" content=\"Unser Angebot an Produkten. Trommel - und Scheibenbremsen, Unterflaschen, Kupplungen und andere Produkte f\u00fcr die Schwerindustrie.\" \/>\n<meta name=\"robots\" content=\"index, follow, max-snippet:-1, max-image-preview:large, max-video-preview:-1\" \/>\n<link rel=\"canonical\" href=\"https:\/\/www.asku-scholten.de\/en\/engineering\/\" \/>\n<meta property=\"og:locale\" content=\"en_US\" \/>\n<meta property=\"og:locale:alternate\" content=\"de_DE\" \/>\n<meta property=\"og:type\" content=\"article\" \/>\n<meta property=\"og:title\" content=\"Engineering\" \/>\n<meta property=\"og:description\" content=\"Unser Angebot an Produkten. Trommel - und Scheibenbremsen, Unterflaschen, Kupplungen und andere Produkte f\u00fcr die Schwerindustrie.\" \/>\n<meta property=\"og:url\" content=\"https:\/\/www.asku-scholten.de\/en\/engineering\/\" \/>\n<meta property=\"og:site_name\" content=\"ASKU-Scholten GmbH\" \/>\n<meta property=\"article:modified_time\" content=\"2025-08-04T15:30:09+00:00\" \/>\n<meta property=\"og:image\" content=\"https:\/\/www.asku-scholten.de\/wp-content\/uploads\/Engineering_Kran_Giesstraverse_bearbeitet_v3.jpg\" \/>\n<meta name=\"twitter:card\" content=\"summary_large_image\" \/>\n<meta name=\"twitter:label1\" content=\"Est. reading time\" \/>\n\t<meta name=\"twitter:data1\" content=\"2 minutes\" \/>\n<script type=\"application\/ld+json\" class=\"yoast-schema-graph\">{\"@context\":\"https:\/\/schema.org\",\"@graph\":[{\"@type\":\"WebPage\",\"@id\":\"https:\/\/www.asku-scholten.de\/engineering\/\",\"url\":\"https:\/\/www.asku-scholten.de\/engineering\/\",\"name\":\"Engineering\",\"isPartOf\":{\"@id\":\"https:\/\/www.asku-scholten.de\/#website\"},\"primaryImageOfPage\":{\"@id\":\"https:\/\/www.asku-scholten.de\/engineering\/#primaryimage\"},\"image\":{\"@id\":\"https:\/\/www.asku-scholten.de\/engineering\/#primaryimage\"},\"thumbnailUrl\":\"https:\/\/www.asku-scholten.de\/wp-content\/uploads\/Engineering_Kran_Giesstraverse_bearbeitet_v3.jpg\",\"datePublished\":\"2019-04-15T11:50:58+00:00\",\"dateModified\":\"2025-08-04T15:30:09+00:00\",\"description\":\"Unser Angebot an Produkten. Trommel - und Scheibenbremsen, Unterflaschen, Kupplungen und andere Produkte f\u00fcr die Schwerindustrie.\",\"breadcrumb\":{\"@id\":\"https:\/\/www.asku-scholten.de\/engineering\/#breadcrumb\"},\"inLanguage\":\"en-US\",\"potentialAction\":[{\"@type\":\"ReadAction\",\"target\":[\"https:\/\/www.asku-scholten.de\/engineering\/\"]}]},{\"@type\":\"ImageObject\",\"inLanguage\":\"en-US\",\"@id\":\"https:\/\/www.asku-scholten.de\/engineering\/#primaryimage\",\"url\":\"https:\/\/www.asku-scholten.de\/wp-content\/uploads\/Engineering_Kran_Giesstraverse_bearbeitet_v3.jpg\",\"contentUrl\":\"https:\/\/www.asku-scholten.de\/wp-content\/uploads\/Engineering_Kran_Giesstraverse_bearbeitet_v3.jpg\"},{\"@type\":\"BreadcrumbList\",\"@id\":\"https:\/\/www.asku-scholten.de\/engineering\/#breadcrumb\",\"itemListElement\":[{\"@type\":\"ListItem\",\"position\":1,\"name\":\"Startseite\",\"item\":\"https:\/\/www.asku-scholten.de\/\"},{\"@type\":\"ListItem\",\"position\":2,\"name\":\"Engineering\"}]},{\"@type\":\"WebSite\",\"@id\":\"https:\/\/www.asku-scholten.de\/#website\",\"url\":\"https:\/\/www.asku-scholten.de\/\",\"name\":\"ASKU-Scholten GmbH\",\"description\":\"Maschinenbau &amp; Engineering\",\"publisher\":{\"@id\":\"https:\/\/www.asku-scholten.de\/#organization\"},\"potentialAction\":[{\"@type\":\"SearchAction\",\"target\":{\"@type\":\"EntryPoint\",\"urlTemplate\":\"https:\/\/www.asku-scholten.de\/?s={search_term_string}\"},\"query-input\":{\"@type\":\"PropertyValueSpecification\",\"valueRequired\":true,\"valueName\":\"search_term_string\"}}],\"inLanguage\":\"en-US\"},{\"@type\":\"Organization\",\"@id\":\"https:\/\/www.asku-scholten.de\/#organization\",\"name\":\"ASKU-Scholten GmbH\",\"url\":\"https:\/\/www.asku-scholten.de\/\",\"logo\":{\"@type\":\"ImageObject\",\"inLanguage\":\"en-US\",\"@id\":\"https:\/\/www.asku-scholten.de\/#\/schema\/logo\/image\/\",\"url\":\"https:\/\/www.asku-scholten.de\/wp-content\/uploads\/Scholten_Logo.png\",\"contentUrl\":\"https:\/\/www.asku-scholten.de\/wp-content\/uploads\/Scholten_Logo.png\",\"width\":1416,\"height\":618,\"caption\":\"ASKU-Scholten GmbH\"},\"image\":{\"@id\":\"https:\/\/www.asku-scholten.de\/#\/schema\/logo\/image\/\"}}]}<\/script>\n<!-- \/ Yoast SEO plugin. -->","yoast_head_json":{"title":"Engineering","description":"Unser Angebot an Produkten. Trommel - und Scheibenbremsen, Unterflaschen, Kupplungen und andere Produkte f\u00fcr die Schwerindustrie.","robots":{"index":"index","follow":"follow","max-snippet":"max-snippet:-1","max-image-preview":"max-image-preview:large","max-video-preview":"max-video-preview:-1"},"canonical":"https:\/\/www.asku-scholten.de\/en\/engineering\/","og_locale":"en_US","og_type":"article","og_title":"[:de]Engineering[:] - ASKU-Scholten GmbH","og_description":"Unser Angebot an Produkten. Trommel - und Scheibenbremsen, Unterflaschen, Kupplungen und andere Produkte f\u00fcr die Schwerindustrie.","og_url":"https:\/\/www.asku-scholten.de\/en\/engineering\/","og_site_name":"ASKU-Scholten GmbH","article_modified_time":"2025-08-04T15:30:09+00:00","og_image":[{"url":"https:\/\/www.asku-scholten.de\/wp-content\/uploads\/Engineering_Kran_Giesstraverse_bearbeitet_v3.jpg","type":"","width":"","height":""}],"twitter_card":"summary_large_image","twitter_misc":{"Est. reading time":"2 minutes"},"schema":{"@context":"https:\/\/schema.org","@graph":[{"@type":"WebPage","@id":"https:\/\/www.asku-scholten.de\/engineering\/","url":"https:\/\/www.asku-scholten.de\/engineering\/","name":"Engineering","isPartOf":{"@id":"https:\/\/www.asku-scholten.de\/#website"},"primaryImageOfPage":{"@id":"https:\/\/www.asku-scholten.de\/engineering\/#primaryimage"},"image":{"@id":"https:\/\/www.asku-scholten.de\/engineering\/#primaryimage"},"thumbnailUrl":"https:\/\/www.asku-scholten.de\/wp-content\/uploads\/Engineering_Kran_Giesstraverse_bearbeitet_v3.jpg","datePublished":"2019-04-15T11:50:58+00:00","dateModified":"2025-08-04T15:30:09+00:00","description":"Unser Angebot an Produkten. Trommel - und Scheibenbremsen, Unterflaschen, Kupplungen und andere Produkte f\u00fcr die Schwerindustrie.","breadcrumb":{"@id":"https:\/\/www.asku-scholten.de\/engineering\/#breadcrumb"},"inLanguage":"en-US","potentialAction":[{"@type":"ReadAction","target":["https:\/\/www.asku-scholten.de\/engineering\/"]}]},{"@type":"ImageObject","inLanguage":"en-US","@id":"https:\/\/www.asku-scholten.de\/engineering\/#primaryimage","url":"https:\/\/www.asku-scholten.de\/wp-content\/uploads\/Engineering_Kran_Giesstraverse_bearbeitet_v3.jpg","contentUrl":"https:\/\/www.asku-scholten.de\/wp-content\/uploads\/Engineering_Kran_Giesstraverse_bearbeitet_v3.jpg"},{"@type":"BreadcrumbList","@id":"https:\/\/www.asku-scholten.de\/engineering\/#breadcrumb","itemListElement":[{"@type":"ListItem","position":1,"name":"Startseite","item":"https:\/\/www.asku-scholten.de\/"},{"@type":"ListItem","position":2,"name":"Engineering"}]},{"@type":"WebSite","@id":"https:\/\/www.asku-scholten.de\/#website","url":"https:\/\/www.asku-scholten.de\/","name":"ASKU-Scholten GmbH","description":"Maschinenbau &amp; Engineering","publisher":{"@id":"https:\/\/www.asku-scholten.de\/#organization"},"potentialAction":[{"@type":"SearchAction","target":{"@type":"EntryPoint","urlTemplate":"https:\/\/www.asku-scholten.de\/?s={search_term_string}"},"query-input":{"@type":"PropertyValueSpecification","valueRequired":true,"valueName":"search_term_string"}}],"inLanguage":"en-US"},{"@type":"Organization","@id":"https:\/\/www.asku-scholten.de\/#organization","name":"ASKU-Scholten GmbH","url":"https:\/\/www.asku-scholten.de\/","logo":{"@type":"ImageObject","inLanguage":"en-US","@id":"https:\/\/www.asku-scholten.de\/#\/schema\/logo\/image\/","url":"https:\/\/www.asku-scholten.de\/wp-content\/uploads\/Scholten_Logo.png","contentUrl":"https:\/\/www.asku-scholten.de\/wp-content\/uploads\/Scholten_Logo.png","width":1416,"height":618,"caption":"ASKU-Scholten GmbH"},"image":{"@id":"https:\/\/www.asku-scholten.de\/#\/schema\/logo\/image\/"}}]}},"_links":{"self":[{"href":"https:\/\/www.asku-scholten.de\/en\/wp-json\/wp\/v2\/pages\/182","targetHints":{"allow":["GET"]}}],"collection":[{"href":"https:\/\/www.asku-scholten.de\/en\/wp-json\/wp\/v2\/pages"}],"about":[{"href":"https:\/\/www.asku-scholten.de\/en\/wp-json\/wp\/v2\/types\/page"}],"author":[{"embeddable":true,"href":"https:\/\/www.asku-scholten.de\/en\/wp-json\/wp\/v2\/users\/1"}],"replies":[{"embeddable":true,"href":"https:\/\/www.asku-scholten.de\/en\/wp-json\/wp\/v2\/comments?post=182"}],"version-history":[{"count":24,"href":"https:\/\/www.asku-scholten.de\/en\/wp-json\/wp\/v2\/pages\/182\/revisions"}],"predecessor-version":[{"id":792,"href":"https:\/\/www.asku-scholten.de\/en\/wp-json\/wp\/v2\/pages\/182\/revisions\/792"}],"wp:attachment":[{"href":"https:\/\/www.asku-scholten.de\/en\/wp-json\/wp\/v2\/media?parent=182"}],"curies":[{"name":"wp","href":"https:\/\/api.w.org\/{rel}","templated":true}]}}