{"id":184,"date":"2019-04-15T13:01:33","date_gmt":"2019-04-15T11:01:33","guid":{"rendered":"http:\/\/www.asku-scholten.de\/?page_id=184"},"modified":"2021-06-02T15:15:30","modified_gmt":"2021-06-02T13:15:30","slug":"scheibenbremsen","status":"publish","type":"page","link":"https:\/\/www.asku-scholten.de\/en\/produkte\/scheibenbremsen\/","title":{"rendered":"Scheibenbremsen"},"content":{"rendered":"\n<div class=\"aligncenter wp-block-ugb-card ugb-card ugb-8562d97 ugb-card--v2 ugb-card--design-plain ugb-card--columns-3 ugb-main-block\"><style>.ugb-8562d97 .ugb-card__title,.ugb-8562d97 .ugb-card__subtitle,.ugb-8562d97 .ugb-card__description,.ugb-8562d97 .ugb-button-container{text-align:center}.ugb-8562d97 .ugb-card__image{border-radius:0px !important;height:275px !important}.ugb-8562d97 .ugb-card__item1 .ugb-card__image{background-image:url(https:\/\/www.asku-scholten.de\/wp-content\/uploads\/SN-B253.2-Katalogbild-Modell.png)}.ugb-8562d97 .ugb-card__item2 .ugb-card__image{background-image:url(https:\/\/www.asku-scholten.de\/wp-content\/uploads\/Katalogbild-SN-B-270-Massblatt-Modell.png)}.ugb-8562d97 .ugb-card__item3 .ugb-card__image{background-image:url(https:\/\/www.asku-scholten.de\/wp-content\/uploads\/SN-B320.jpg)}.ugb-8562d97 .ugb-card__title{font-size:18px !important;color:#488eea !important}.ugb-8562d97 .ugb-card__subtitle{font-size:12px !important;text-align:center !important}.ugb-8562d97 .ugb-button{background-color:#488eea;padding-top:0px;padding-right:100px;padding-bottom:0px;padding-left:100px;border-radius:0px !important}.ugb-8562d97 .ugb-button .ugb-button--inner,.ugb-8562d97 .ugb-button svg:not(.ugb-custom-icon){color:#ffffff !important}.ugb-8562d97 .ugb-button:hover{opacity:0.7}.ugb-8562d97 .ugb-button:before{border-radius:0px !important}.ugb-8562d97 .ugb-inner-block{text-align:center}.ugb-8562d97.ugb-card{justify-content:center;align-items:center}@media screen and (min-width:768px){.ugb-8562d97.ugb-card{margin-top:100px !important;margin-bottom:100px !important;margin-right:-300px !important;margin-left:-100px !important;padding-top:25px !important;padding-right:25px !important;padding-bottom:25px !important;padding-left:25px !important}}<\/style><div class=\"ugb-inner-block\"><div class=\"ugb-block-content\"><div class=\"ugb-card__item ugb-card__item1\"><div class=\"ugb-card__image ugb--shadow-0\"><\/div><div class=\"ugb-card__content\"><h4 class=\"ugb-card__title\">Scheibenbremse SN-B253.2<\/h4><p class=\"ugb-card__subtitle\">Zweizangige Scheibenbremse f\u00fcr Eldroger\u00e4te ohne C-Feder<\/p><div class=\"ugb-button-container\"><a class=\"ugb-button ugb-button--size-small ugb--hover-effect-lift-scale-more\" href=\"https:\/\/www.asku-scholten.de\/index.php\/produkte\/scheibenbremsen\/sn-b253\/\" rel=\"\" title=\"\"><span class=\"ugb-button--inner\">zur SN-B253.2<\/span><\/a><\/div><\/div><\/div><div class=\"ugb-card__item ugb-card__item2\"><div class=\"ugb-card__image ugb--shadow-0\"><\/div><div class=\"ugb-card__content\"><h4 class=\"ugb-card__title\">Scheibenbremse SN-B270<\/h4><p class=\"ugb-card__subtitle\">Einzangige Scheibenbremse f\u00fcr Eldroger\u00e4te ohne C-Feder<\/p><div class=\"ugb-button-container\"><a class=\"ugb-button ugb-button--size-small ugb--hover-effect-lift-scale-more\" href=\"https:\/\/www.asku-scholten.de\/index.php\/produkte\/scheibenbremsen\/sn-b270\/\" rel=\"\" title=\"\"><span class=\"ugb-button--inner\">zur SN-B270<\/span><\/a><\/div><\/div><\/div><div class=\"ugb-card__item ugb-card__item3\"><div class=\"ugb-card__image ugb--shadow-0\"><\/div><div class=\"ugb-card__content\"><h4 class=\"ugb-card__title\">Scheibenbremse SN-B320<\/h4><p class=\"ugb-card__subtitle\">Zweizangige Scheibenbremse mit schwimmender Lagerung<\/p><div class=\"ugb-button-container\"><a class=\"ugb-button ugb-button--size-small ugb--hover-effect-lift-scale-more\" href=\"https:\/\/www.asku-scholten.de\/index.php\/produkte\/scheibenbremsen\/sn-b320-2\/\" rel=\"\" title=\"\"><span class=\"ugb-button--inner\">Zur SN-B320<\/span><\/a><\/div><\/div><\/div><\/div><\/div><\/div>\n","protected":false},"excerpt":{"rendered":"<p>Scheibenbremse SN-B253.2 Zweizangige Scheibenbremse f\u00fcr Eldroger\u00e4te ohne C-Feder zur SN-B253.2 Scheibenbremse SN-B270 Einzangige Scheibenbremse f\u00fcr Eldroger\u00e4te ohne C-Feder zur SN-B270 Scheibenbremse SN-B320 Zweizangige Scheibenbremse mit schwimmender Lagerung Zur SN-B320<\/p>\n","protected":false},"author":1,"featured_media":0,"parent":139,"menu_order":-1,"comment_status":"closed","ping_status":"closed","template":"","meta":{"footnotes":""},"class_list":["post-184","page","type-page","status-publish","hentry"],"featured_image_urls_v2":{"full":"","thumbnail":"","medium":"","medium_large":"","large":"","1536x1536":"","2048x2048":"","hestia-blog":""},"post_excerpt_stackable_v2":"<p>Scheibenbremse SN-B253.2Zweizangige Scheibenbremse f\u00fcr Eldroger\u00e4te ohne C-Federzur SN-B253.2Scheibenbremse SN-B270Einzangige Scheibenbremse f\u00fcr Eldroger\u00e4te ohne C-Federzur SN-B270Scheibenbremse SN-B320Zweizangige Scheibenbremse mit schwimmender LagerungZur SN-B320<\/p>\n","category_list_v2":"","author_info_v2":{"name":"admin","url":"https:\/\/www.asku-scholten.de\/en\/author\/admin\/"},"comments_num_v2":"0 comments","yoast_head":"<!-- This site is optimized with the Yoast SEO plugin v26.2 - https:\/\/yoast.com\/wordpress\/plugins\/seo\/ -->\n<title>Scheibenbremsen<\/title>\n<meta name=\"description\" content=\"Die Scholten-Scheibenbremsen.\" \/>\n<meta name=\"robots\" content=\"index, follow, max-snippet:-1, max-image-preview:large, max-video-preview:-1\" \/>\n<link rel=\"canonical\" href=\"https:\/\/www.asku-scholten.de\/en\/produkte\/scheibenbremsen\/\" \/>\n<meta property=\"og:locale\" content=\"en_US\" \/>\n<meta property=\"og:locale:alternate\" content=\"de_DE\" \/>\n<meta property=\"og:type\" content=\"article\" \/>\n<meta property=\"og:title\" content=\"Scheibenbremsen\" \/>\n<meta property=\"og:description\" content=\"Die Scholten-Scheibenbremsen.\" \/>\n<meta property=\"og:url\" content=\"https:\/\/www.asku-scholten.de\/en\/produkte\/scheibenbremsen\/\" \/>\n<meta property=\"og:site_name\" content=\"ASKU-Scholten GmbH\" \/>\n<meta property=\"article:modified_time\" content=\"2021-06-02T13:15:30+00:00\" \/>\n<meta name=\"twitter:card\" content=\"summary_large_image\" \/>\n<meta name=\"twitter:label1\" content=\"Est. reading time\" \/>\n\t<meta name=\"twitter:data1\" content=\"1 minute\" \/>\n<script type=\"application\/ld+json\" class=\"yoast-schema-graph\">{\"@context\":\"https:\/\/schema.org\",\"@graph\":[{\"@type\":\"WebPage\",\"@id\":\"https:\/\/www.asku-scholten.de\/produkte\/scheibenbremsen\/\",\"url\":\"https:\/\/www.asku-scholten.de\/produkte\/scheibenbremsen\/\",\"name\":\"Scheibenbremsen\",\"isPartOf\":{\"@id\":\"https:\/\/www.asku-scholten.de\/#website\"},\"datePublished\":\"2019-04-15T11:01:33+00:00\",\"dateModified\":\"2021-06-02T13:15:30+00:00\",\"description\":\"Die Scholten-Scheibenbremsen.\",\"breadcrumb\":{\"@id\":\"https:\/\/www.asku-scholten.de\/produkte\/scheibenbremsen\/#breadcrumb\"},\"inLanguage\":\"en-US\",\"potentialAction\":[{\"@type\":\"ReadAction\",\"target\":[\"https:\/\/www.asku-scholten.de\/produkte\/scheibenbremsen\/\"]}]},{\"@type\":\"BreadcrumbList\",\"@id\":\"https:\/\/www.asku-scholten.de\/produkte\/scheibenbremsen\/#breadcrumb\",\"itemListElement\":[{\"@type\":\"ListItem\",\"position\":1,\"name\":\"Startseite\",\"item\":\"https:\/\/www.asku-scholten.de\/\"},{\"@type\":\"ListItem\",\"position\":2,\"name\":\"Produkte\",\"item\":\"https:\/\/www.asku-scholten.de\/produkte\/\"},{\"@type\":\"ListItem\",\"position\":3,\"name\":\"Scheibenbremsen\"}]},{\"@type\":\"WebSite\",\"@id\":\"https:\/\/www.asku-scholten.de\/#website\",\"url\":\"https:\/\/www.asku-scholten.de\/\",\"name\":\"ASKU-Scholten GmbH\",\"description\":\"Maschinenbau &amp; Engineering\",\"publisher\":{\"@id\":\"https:\/\/www.asku-scholten.de\/#organization\"},\"potentialAction\":[{\"@type\":\"SearchAction\",\"target\":{\"@type\":\"EntryPoint\",\"urlTemplate\":\"https:\/\/www.asku-scholten.de\/?s={search_term_string}\"},\"query-input\":{\"@type\":\"PropertyValueSpecification\",\"valueRequired\":true,\"valueName\":\"search_term_string\"}}],\"inLanguage\":\"en-US\"},{\"@type\":\"Organization\",\"@id\":\"https:\/\/www.asku-scholten.de\/#organization\",\"name\":\"ASKU-Scholten GmbH\",\"url\":\"https:\/\/www.asku-scholten.de\/\",\"logo\":{\"@type\":\"ImageObject\",\"inLanguage\":\"en-US\",\"@id\":\"https:\/\/www.asku-scholten.de\/#\/schema\/logo\/image\/\",\"url\":\"https:\/\/www.asku-scholten.de\/wp-content\/uploads\/Scholten_Logo.png\",\"contentUrl\":\"https:\/\/www.asku-scholten.de\/wp-content\/uploads\/Scholten_Logo.png\",\"width\":1416,\"height\":618,\"caption\":\"ASKU-Scholten GmbH\"},\"image\":{\"@id\":\"https:\/\/www.asku-scholten.de\/#\/schema\/logo\/image\/\"}}]}<\/script>\n<!-- \/ Yoast SEO plugin. -->","yoast_head_json":{"title":"Scheibenbremsen","description":"Die Scholten-Scheibenbremsen.","robots":{"index":"index","follow":"follow","max-snippet":"max-snippet:-1","max-image-preview":"max-image-preview:large","max-video-preview":"max-video-preview:-1"},"canonical":"https:\/\/www.asku-scholten.de\/en\/produkte\/scheibenbremsen\/","og_locale":"en_US","og_type":"article","og_title":"[:de]Scheibenbremsen[:] - ASKU-Scholten GmbH","og_description":"Die Scholten-Scheibenbremsen.","og_url":"https:\/\/www.asku-scholten.de\/en\/produkte\/scheibenbremsen\/","og_site_name":"ASKU-Scholten GmbH","article_modified_time":"2021-06-02T13:15:30+00:00","twitter_card":"summary_large_image","twitter_misc":{"Est. reading time":"1 minute"},"schema":{"@context":"https:\/\/schema.org","@graph":[{"@type":"WebPage","@id":"https:\/\/www.asku-scholten.de\/produkte\/scheibenbremsen\/","url":"https:\/\/www.asku-scholten.de\/produkte\/scheibenbremsen\/","name":"Scheibenbremsen","isPartOf":{"@id":"https:\/\/www.asku-scholten.de\/#website"},"datePublished":"2019-04-15T11:01:33+00:00","dateModified":"2021-06-02T13:15:30+00:00","description":"Die Scholten-Scheibenbremsen.","breadcrumb":{"@id":"https:\/\/www.asku-scholten.de\/produkte\/scheibenbremsen\/#breadcrumb"},"inLanguage":"en-US","potentialAction":[{"@type":"ReadAction","target":["https:\/\/www.asku-scholten.de\/produkte\/scheibenbremsen\/"]}]},{"@type":"BreadcrumbList","@id":"https:\/\/www.asku-scholten.de\/produkte\/scheibenbremsen\/#breadcrumb","itemListElement":[{"@type":"ListItem","position":1,"name":"Startseite","item":"https:\/\/www.asku-scholten.de\/"},{"@type":"ListItem","position":2,"name":"Produkte","item":"https:\/\/www.asku-scholten.de\/produkte\/"},{"@type":"ListItem","position":3,"name":"Scheibenbremsen"}]},{"@type":"WebSite","@id":"https:\/\/www.asku-scholten.de\/#website","url":"https:\/\/www.asku-scholten.de\/","name":"ASKU-Scholten GmbH","description":"Maschinenbau &amp; Engineering","publisher":{"@id":"https:\/\/www.asku-scholten.de\/#organization"},"potentialAction":[{"@type":"SearchAction","target":{"@type":"EntryPoint","urlTemplate":"https:\/\/www.asku-scholten.de\/?s={search_term_string}"},"query-input":{"@type":"PropertyValueSpecification","valueRequired":true,"valueName":"search_term_string"}}],"inLanguage":"en-US"},{"@type":"Organization","@id":"https:\/\/www.asku-scholten.de\/#organization","name":"ASKU-Scholten GmbH","url":"https:\/\/www.asku-scholten.de\/","logo":{"@type":"ImageObject","inLanguage":"en-US","@id":"https:\/\/www.asku-scholten.de\/#\/schema\/logo\/image\/","url":"https:\/\/www.asku-scholten.de\/wp-content\/uploads\/Scholten_Logo.png","contentUrl":"https:\/\/www.asku-scholten.de\/wp-content\/uploads\/Scholten_Logo.png","width":1416,"height":618,"caption":"ASKU-Scholten GmbH"},"image":{"@id":"https:\/\/www.asku-scholten.de\/#\/schema\/logo\/image\/"}}]}},"_links":{"self":[{"href":"https:\/\/www.asku-scholten.de\/en\/wp-json\/wp\/v2\/pages\/184","targetHints":{"allow":["GET"]}}],"collection":[{"href":"https:\/\/www.asku-scholten.de\/en\/wp-json\/wp\/v2\/pages"}],"about":[{"href":"https:\/\/www.asku-scholten.de\/en\/wp-json\/wp\/v2\/types\/page"}],"author":[{"embeddable":true,"href":"https:\/\/www.asku-scholten.de\/en\/wp-json\/wp\/v2\/users\/1"}],"replies":[{"embeddable":true,"href":"https:\/\/www.asku-scholten.de\/en\/wp-json\/wp\/v2\/comments?post=184"}],"version-history":[{"count":6,"href":"https:\/\/www.asku-scholten.de\/en\/wp-json\/wp\/v2\/pages\/184\/revisions"}],"predecessor-version":[{"id":690,"href":"https:\/\/www.asku-scholten.de\/en\/wp-json\/wp\/v2\/pages\/184\/revisions\/690"}],"up":[{"embeddable":true,"href":"https:\/\/www.asku-scholten.de\/en\/wp-json\/wp\/v2\/pages\/139"}],"wp:attachment":[{"href":"https:\/\/www.asku-scholten.de\/en\/wp-json\/wp\/v2\/media?parent=184"}],"curies":[{"name":"wp","href":"https:\/\/api.w.org\/{rel}","templated":true}]}}