{"id":66,"date":"2019-03-28T12:25:31","date_gmt":"2019-03-28T11:25:31","guid":{"rendered":"http:\/\/www.asku-scholten.de\/?page_id=66"},"modified":"2019-04-12T13:12:08","modified_gmt":"2019-04-12T11:12:08","slug":"datenschutzerklaerung","status":"publish","type":"page","link":"https:\/\/www.asku-scholten.de\/en\/datenschutzerklaerung\/","title":{"rendered":"Datenschutzerkl\u00e4rung"},"content":{"rendered":"\n<p>Verantwortlich\nf\u00fcr die Datenverarbeitung ist<\/p>\n\n\n\n<p>ASKU-Scholten\nGmbH<\/p>\n\n\n\n<p>Am Buchenberg 2<\/p>\n\n\n\n<p>D-47198 Duisburg<\/p>\n\n\n\n<p>Tel. +49 (0)2066\/99 64-0<\/p>\n\n\n\n<p>Den Datenschutzbeauftragten Herrn\nKagelmacher erreichen Sie unter der oben angegebenen Telefonnummer.<\/p>\n\n\n\n<p><strong>Allgemeine Hinweise<\/strong><\/p>\n\n\n\n<p>Wir verwenden Ihre Daten unter\nBeachtung der geltenden datenschutzrechtlichen Bestimmungen. Mit dieser\nDatenschutzerkl\u00e4rung werden Sie dar\u00fcber informiert, welche personenbezogenen\nDaten wir von Ihnen erheben und speichern. Au\u00dferdem erhalten Sie Informationen\ndazu, wie Ihre Daten verwendet werden und welche Rechte Ihnen im Hinblick auf\ndie Verwendung Ihrer Daten zustehen.<\/p>\n\n\n\n<p><strong>Erhebung und Speicherung bezogener Daten sowie Art und Zweck ihrer\nVerwendung<\/strong><\/p>\n\n\n\n<p>Im Rahmen unserer\nGesch\u00e4ftsbeziehungen mit unseren Gesch\u00e4ftspartnerinnen und Gesch\u00e4ftspartnern\nerheben wir zur Durchf\u00fchrung der gesch\u00e4ftlichen Abl\u00e4ufe personenbezogene Daten.\nAu\u00dferdem verarbeiten wir personenbezogene Daten, die wir aus \u00f6ffentlich\nzug\u00e4nglichen Quellen (z. B. Internet) zul\u00e4ssigerweise gewonnen haben. Ebenso\nverwenden wir personenbezogene Daten, die wir zul\u00e4ssigerweise von Dritten\nerhalten haben.<\/p>\n\n\n\n<p>Die von uns erfassten\npersonenbezogenen Daten sind:<\/p>\n\n\n\n<ul class=\"wp-block-list\"><li>Kontaktdaten,\n     wie Vor- und Zunamen, Anrede, Titel, Berufsbezeichnung, gesch\u00e4ftliche\n     Anschrift, Abteilung, Hierarchie, gesch\u00e4ftliche Telefonnummer,\n     gesch\u00e4ftliche Mobilfunknummer, gesch\u00e4ftliche Faxnummer und gesch\u00e4ftliche\n     E-Mailadresse<\/li><li>Daten zur Anfragen- und Auftragsabwicklung sowie\nzu Serviceleistungen, wie Angaben, die zur Abwicklung von Zahlungsvorg\u00e4ngen\noder Betrugspr\u00e4vention erforderlich sind, oder Angaben zur Lieferung und\nRechnungsstellung<\/li><\/ul>\n\n\n\n<p><strong>Besuch unserer Website<\/strong><\/p>\n\n\n\n<p>Der Besuch unserer Website ist\nm\u00f6glich, ohne dass Sie aufgefordert werden, Angaben zu Ihrer Person zu machen.\nWir setzen keine Cookies ein, verzichten auf den Einsatz von Social Media\nPlugins wie google+ oder facebook und nutzen keine Webanalyse-Tools wie z.B.\nGoogle Analytics.<\/p>\n\n\n\n<p>Die bei der Nutzung der\nIT-Systeme anfallenden Protokolldaten<\/p>\n\n\n\n<ul class=\"wp-block-list\"><li>IP-Adresse\n     des anfragenden Rechners<\/li><li>Datum\n     und Uhrzeit des Zugriffs<\/li><li>Name\n     und URL der abgerufenen Datei<\/li><li>Betriebssystem des anfragenden Rechners und der\nverwendete Browser<\/li><\/ul>\n\n\n\n<p>werden automatisch erfasst und\nbis zur automatisierten L\u00f6schung 14 Tage lang gespeichert.<\/p>\n\n\n\n<p><strong>Datenschutzrechte<\/strong><\/p>\n\n\n\n<p>Sie k\u00f6nnen unter der o.g. Adresse Auskunft \u00fcber die zu Ihrer\nPerson gespeicherten Daten verlangen. Dar\u00fcber hinaus k\u00f6nnen sie unter\nbestimmten Voraussetzungen die Berichtigung oder die L\u00f6schung Ihrer Daten\nverlangen. Weiterhin kann Ihnen ein Recht auf Einschr\u00e4nkung der Verarbeitung\nihrer Daten, ein Recht auf Daten\u00fcbertragbarkeit sowie ein Recht auf Herausgabe\nder von ihnen bereitgestellten Daten in einem strukturierten, g\u00e4ngigen und\nmaschinenlesbaren Format zustehen. <\/p>\n","protected":false},"excerpt":{"rendered":"<p>Verantwortlich f\u00fcr die Datenverarbeitung ist ASKU-Scholten GmbH Am Buchenberg 2 D-47198 Duisburg Tel. +49 (0)2066\/99 64-0 Den Datenschutzbeauftragten Herrn Kagelmacher erreichen Sie unter der oben angegebenen Telefonnummer. Allgemeine Hinweise Wir verwenden Ihre Daten unter Beachtung der geltenden datenschutzrechtlichen Bestimmungen. Mit dieser Datenschutzerkl\u00e4rung werden Sie dar\u00fcber informiert, welche personenbezogenen Daten wir [&hellip;]<\/p>\n","protected":false},"author":1,"featured_media":0,"parent":0,"menu_order":0,"comment_status":"closed","ping_status":"closed","template":"","meta":{"footnotes":""},"class_list":["post-66","page","type-page","status-publish","hentry"],"featured_image_urls_v2":{"full":"","thumbnail":"","medium":"","medium_large":"","large":"","1536x1536":"","2048x2048":"","hestia-blog":""},"post_excerpt_stackable_v2":"<p>Verantwortlich f\u00fcr die Datenverarbeitung ist ASKU-Scholten GmbH Am Buchenberg 2 D-47198 Duisburg Tel. +49 (0)2066\/99 64-0 Den Datenschutzbeauftragten Herrn Kagelmacher erreichen Sie unter der oben angegebenen Telefonnummer. Allgemeine Hinweise Wir verwenden Ihre Daten unter Beachtung der geltenden datenschutzrechtlichen Bestimmungen. Mit dieser Datenschutzerkl\u00e4rung werden Sie dar\u00fcber informiert, welche personenbezogenen Daten wir von Ihnen erheben und speichern. Au\u00dferdem erhalten Sie Informationen dazu, wie Ihre Daten verwendet werden und welche Rechte Ihnen im Hinblick auf die Verwendung Ihrer Daten zustehen. Erhebung und Speicherung bezogener Daten sowie Art und Zweck ihrer Verwendung Im Rahmen unserer Gesch\u00e4ftsbeziehungen mit unseren Gesch\u00e4ftspartnerinnen und Gesch\u00e4ftspartnern erheben wir zur&hellip;<\/p>\n","category_list_v2":"","author_info_v2":{"name":"admin","url":"https:\/\/www.asku-scholten.de\/en\/author\/admin\/"},"comments_num_v2":"0 comments","yoast_head":"<!-- This site is optimized with the Yoast SEO plugin v26.2 - https:\/\/yoast.com\/wordpress\/plugins\/seo\/ -->\n<title>Datenschutzerkl\u00e4rung - ASKU-Scholten GmbH<\/title>\n<meta name=\"robots\" content=\"index, follow, max-snippet:-1, max-image-preview:large, max-video-preview:-1\" \/>\n<link rel=\"canonical\" href=\"https:\/\/www.asku-scholten.de\/en\/datenschutzerklaerung\/\" \/>\n<meta property=\"og:locale\" content=\"en_US\" \/>\n<meta property=\"og:locale:alternate\" content=\"de_DE\" \/>\n<meta property=\"og:type\" content=\"article\" \/>\n<meta property=\"og:title\" content=\"Datenschutzerkl\u00e4rung - ASKU-Scholten GmbH\" \/>\n<meta property=\"og:description\" content=\"Verantwortlich f\u00fcr die Datenverarbeitung ist ASKU-Scholten GmbH Am Buchenberg 2 D-47198 Duisburg Tel. +49 (0)2066\/99 64-0 Den Datenschutzbeauftragten Herrn Kagelmacher erreichen Sie unter der oben angegebenen Telefonnummer. Allgemeine Hinweise Wir verwenden Ihre Daten unter Beachtung der geltenden datenschutzrechtlichen Bestimmungen. Mit dieser Datenschutzerkl\u00e4rung werden Sie dar\u00fcber informiert, welche personenbezogenen Daten wir [&hellip;]\" \/>\n<meta property=\"og:url\" content=\"https:\/\/www.asku-scholten.de\/en\/datenschutzerklaerung\/\" \/>\n<meta property=\"og:site_name\" content=\"ASKU-Scholten GmbH\" \/>\n<meta property=\"article:modified_time\" content=\"2019-04-12T11:12:08+00:00\" \/>\n<meta name=\"twitter:card\" content=\"summary_large_image\" \/>\n<meta name=\"twitter:label1\" content=\"Est. reading time\" \/>\n\t<meta name=\"twitter:data1\" content=\"2 minutes\" \/>\n<script type=\"application\/ld+json\" class=\"yoast-schema-graph\">{\"@context\":\"https:\/\/schema.org\",\"@graph\":[{\"@type\":\"WebPage\",\"@id\":\"https:\/\/www.asku-scholten.de\/datenschutzerklaerung\/\",\"url\":\"https:\/\/www.asku-scholten.de\/datenschutzerklaerung\/\",\"name\":\"Datenschutzerkl\u00e4rung - ASKU-Scholten GmbH\",\"isPartOf\":{\"@id\":\"https:\/\/www.asku-scholten.de\/#website\"},\"datePublished\":\"2019-03-28T11:25:31+00:00\",\"dateModified\":\"2019-04-12T11:12:08+00:00\",\"breadcrumb\":{\"@id\":\"https:\/\/www.asku-scholten.de\/datenschutzerklaerung\/#breadcrumb\"},\"inLanguage\":\"en-US\",\"potentialAction\":[{\"@type\":\"ReadAction\",\"target\":[\"https:\/\/www.asku-scholten.de\/datenschutzerklaerung\/\"]}]},{\"@type\":\"BreadcrumbList\",\"@id\":\"https:\/\/www.asku-scholten.de\/datenschutzerklaerung\/#breadcrumb\",\"itemListElement\":[{\"@type\":\"ListItem\",\"position\":1,\"name\":\"Startseite\",\"item\":\"https:\/\/www.asku-scholten.de\/\"},{\"@type\":\"ListItem\",\"position\":2,\"name\":\"Datenschutzerkl\u00e4rung\"}]},{\"@type\":\"WebSite\",\"@id\":\"https:\/\/www.asku-scholten.de\/#website\",\"url\":\"https:\/\/www.asku-scholten.de\/\",\"name\":\"ASKU-Scholten GmbH\",\"description\":\"Maschinenbau &amp; Engineering\",\"publisher\":{\"@id\":\"https:\/\/www.asku-scholten.de\/#organization\"},\"potentialAction\":[{\"@type\":\"SearchAction\",\"target\":{\"@type\":\"EntryPoint\",\"urlTemplate\":\"https:\/\/www.asku-scholten.de\/?s={search_term_string}\"},\"query-input\":{\"@type\":\"PropertyValueSpecification\",\"valueRequired\":true,\"valueName\":\"search_term_string\"}}],\"inLanguage\":\"en-US\"},{\"@type\":\"Organization\",\"@id\":\"https:\/\/www.asku-scholten.de\/#organization\",\"name\":\"ASKU-Scholten GmbH\",\"url\":\"https:\/\/www.asku-scholten.de\/\",\"logo\":{\"@type\":\"ImageObject\",\"inLanguage\":\"en-US\",\"@id\":\"https:\/\/www.asku-scholten.de\/#\/schema\/logo\/image\/\",\"url\":\"https:\/\/www.asku-scholten.de\/wp-content\/uploads\/Scholten_Logo.png\",\"contentUrl\":\"https:\/\/www.asku-scholten.de\/wp-content\/uploads\/Scholten_Logo.png\",\"width\":1416,\"height\":618,\"caption\":\"ASKU-Scholten GmbH\"},\"image\":{\"@id\":\"https:\/\/www.asku-scholten.de\/#\/schema\/logo\/image\/\"}}]}<\/script>\n<!-- \/ Yoast SEO plugin. -->","yoast_head_json":{"title":"Datenschutzerkl\u00e4rung - ASKU-Scholten GmbH","robots":{"index":"index","follow":"follow","max-snippet":"max-snippet:-1","max-image-preview":"max-image-preview:large","max-video-preview":"max-video-preview:-1"},"canonical":"https:\/\/www.asku-scholten.de\/en\/datenschutzerklaerung\/","og_locale":"en_US","og_type":"article","og_title":"Datenschutzerkl\u00e4rung - ASKU-Scholten GmbH","og_description":"Verantwortlich f\u00fcr die Datenverarbeitung ist ASKU-Scholten GmbH Am Buchenberg 2 D-47198 Duisburg Tel. +49 (0)2066\/99 64-0 Den Datenschutzbeauftragten Herrn Kagelmacher erreichen Sie unter der oben angegebenen Telefonnummer. Allgemeine Hinweise Wir verwenden Ihre Daten unter Beachtung der geltenden datenschutzrechtlichen Bestimmungen. Mit dieser Datenschutzerkl\u00e4rung werden Sie dar\u00fcber informiert, welche personenbezogenen Daten wir [&hellip;]","og_url":"https:\/\/www.asku-scholten.de\/en\/datenschutzerklaerung\/","og_site_name":"ASKU-Scholten GmbH","article_modified_time":"2019-04-12T11:12:08+00:00","twitter_card":"summary_large_image","twitter_misc":{"Est. reading time":"2 minutes"},"schema":{"@context":"https:\/\/schema.org","@graph":[{"@type":"WebPage","@id":"https:\/\/www.asku-scholten.de\/datenschutzerklaerung\/","url":"https:\/\/www.asku-scholten.de\/datenschutzerklaerung\/","name":"Datenschutzerkl\u00e4rung - ASKU-Scholten GmbH","isPartOf":{"@id":"https:\/\/www.asku-scholten.de\/#website"},"datePublished":"2019-03-28T11:25:31+00:00","dateModified":"2019-04-12T11:12:08+00:00","breadcrumb":{"@id":"https:\/\/www.asku-scholten.de\/datenschutzerklaerung\/#breadcrumb"},"inLanguage":"en-US","potentialAction":[{"@type":"ReadAction","target":["https:\/\/www.asku-scholten.de\/datenschutzerklaerung\/"]}]},{"@type":"BreadcrumbList","@id":"https:\/\/www.asku-scholten.de\/datenschutzerklaerung\/#breadcrumb","itemListElement":[{"@type":"ListItem","position":1,"name":"Startseite","item":"https:\/\/www.asku-scholten.de\/"},{"@type":"ListItem","position":2,"name":"Datenschutzerkl\u00e4rung"}]},{"@type":"WebSite","@id":"https:\/\/www.asku-scholten.de\/#website","url":"https:\/\/www.asku-scholten.de\/","name":"ASKU-Scholten GmbH","description":"Maschinenbau &amp; Engineering","publisher":{"@id":"https:\/\/www.asku-scholten.de\/#organization"},"potentialAction":[{"@type":"SearchAction","target":{"@type":"EntryPoint","urlTemplate":"https:\/\/www.asku-scholten.de\/?s={search_term_string}"},"query-input":{"@type":"PropertyValueSpecification","valueRequired":true,"valueName":"search_term_string"}}],"inLanguage":"en-US"},{"@type":"Organization","@id":"https:\/\/www.asku-scholten.de\/#organization","name":"ASKU-Scholten GmbH","url":"https:\/\/www.asku-scholten.de\/","logo":{"@type":"ImageObject","inLanguage":"en-US","@id":"https:\/\/www.asku-scholten.de\/#\/schema\/logo\/image\/","url":"https:\/\/www.asku-scholten.de\/wp-content\/uploads\/Scholten_Logo.png","contentUrl":"https:\/\/www.asku-scholten.de\/wp-content\/uploads\/Scholten_Logo.png","width":1416,"height":618,"caption":"ASKU-Scholten GmbH"},"image":{"@id":"https:\/\/www.asku-scholten.de\/#\/schema\/logo\/image\/"}}]}},"_links":{"self":[{"href":"https:\/\/www.asku-scholten.de\/en\/wp-json\/wp\/v2\/pages\/66","targetHints":{"allow":["GET"]}}],"collection":[{"href":"https:\/\/www.asku-scholten.de\/en\/wp-json\/wp\/v2\/pages"}],"about":[{"href":"https:\/\/www.asku-scholten.de\/en\/wp-json\/wp\/v2\/types\/page"}],"author":[{"embeddable":true,"href":"https:\/\/www.asku-scholten.de\/en\/wp-json\/wp\/v2\/users\/1"}],"replies":[{"embeddable":true,"href":"https:\/\/www.asku-scholten.de\/en\/wp-json\/wp\/v2\/comments?post=66"}],"version-history":[{"count":3,"href":"https:\/\/www.asku-scholten.de\/en\/wp-json\/wp\/v2\/pages\/66\/revisions"}],"predecessor-version":[{"id":108,"href":"https:\/\/www.asku-scholten.de\/en\/wp-json\/wp\/v2\/pages\/66\/revisions\/108"}],"wp:attachment":[{"href":"https:\/\/www.asku-scholten.de\/en\/wp-json\/wp\/v2\/media?parent=66"}],"curies":[{"name":"wp","href":"https:\/\/api.w.org\/{rel}","templated":true}]}}